{"id":9,"date":"2021-01-05T09:47:37","date_gmt":"2021-01-05T14:47:37","guid":{"rendered":"http:\/\/stuvwp.emdev.ca\/?page_id=9"},"modified":"2026-03-19T11:50:20","modified_gmt":"2026-03-19T15:50:20","slug":"accueil","status":"publish","type":"page","link":"https:\/\/stuvamerica.com\/fr\/","title":{"rendered":"Accueil"},"content":{"rendered":"","protected":false},"excerpt":{"rendered":"","protected":false},"author":1,"featured_media":0,"parent":0,"menu_order":0,"comment_status":"closed","ping_status":"closed","template":"templates\/home.php","meta":{"_acf_changed":false,"inline_featured_image":false,"footnotes":""},"class_list":["post-9","page","type-page","status-publish","hentry"],"acf":[],"yoast_head":"<!-- This site is optimized with the Yoast SEO plugin v27.2 - https:\/\/yoast.com\/product\/yoast-seo-wordpress\/ -->\n<title>Po\u00eales et foyers | Chauffage au bois | St\u00fbv America<\/title>\n<meta name=\"description\" content=\"Les po\u00eales et foyers St\u00fbv allient design contemporain, performance et efficacit\u00e9, qu&#039;il s&#039;agisse d&#039;appareils \u00e0 bois, \u00e0 gaz ou \u00e0 granules.\" \/>\n<meta name=\"robots\" content=\"index, follow, max-snippet:-1, max-image-preview:large, max-video-preview:-1\" \/>\n<link rel=\"canonical\" href=\"https:\/\/stuvamerica.com\/fr\/\" \/>\n<meta property=\"og:locale\" content=\"fr_FR\" \/>\n<meta property=\"og:type\" content=\"article\" \/>\n<meta property=\"og:title\" content=\"Po\u00eales et foyers | Chauffage au bois | St\u00fbv America\" \/>\n<meta property=\"og:description\" content=\"Les po\u00eales et foyers St\u00fbv allient design contemporain, performance et efficacit\u00e9, qu&#039;il s&#039;agisse d&#039;appareils \u00e0 bois, \u00e0 gaz ou \u00e0 granules.\" \/>\n<meta property=\"og:url\" content=\"https:\/\/stuvamerica.com\/fr\/\" \/>\n<meta property=\"og:site_name\" content=\"St\u00fbv America\" \/>\n<meta property=\"article:modified_time\" content=\"2026-03-19T15:50:20+00:00\" \/>\n<meta property=\"og:image\" content=\"https:\/\/stuvamerica.com\/wp-content\/uploads\/2021\/02\/meta-stuv-america.png\" \/>\n\t<meta property=\"og:image:width\" content=\"1200\" \/>\n\t<meta property=\"og:image:height\" content=\"630\" \/>\n\t<meta property=\"og:image:type\" content=\"image\/png\" \/>\n<meta name=\"twitter:card\" content=\"summary_large_image\" \/>\n<script type=\"application\/ld+json\" class=\"yoast-schema-graph\">{\"@context\":\"https:\/\/schema.org\",\"@graph\":[{\"@type\":\"WebPage\",\"@id\":\"https:\/\/stuvamerica.com\/fr\/\",\"url\":\"https:\/\/stuvamerica.com\/fr\/\",\"name\":\"Po\u00eales et foyers | Chauffage au bois | St\u00fbv America\",\"isPartOf\":{\"@id\":\"https:\/\/stuvamerica.com\/fr\/#website\"},\"datePublished\":\"2021-01-05T14:47:37+00:00\",\"dateModified\":\"2026-03-19T15:50:20+00:00\",\"description\":\"Les po\u00eales et foyers St\u00fbv allient design contemporain, performance et efficacit\u00e9, qu'il s'agisse d'appareils \u00e0 bois, \u00e0 gaz ou \u00e0 granules.\",\"breadcrumb\":{\"@id\":\"https:\/\/stuvamerica.com\/fr\/#breadcrumb\"},\"inLanguage\":\"fr-FR\",\"potentialAction\":[{\"@type\":\"ReadAction\",\"target\":[\"https:\/\/stuvamerica.com\/fr\/\"]}]},{\"@type\":\"BreadcrumbList\",\"@id\":\"https:\/\/stuvamerica.com\/fr\/#breadcrumb\",\"itemListElement\":[{\"@type\":\"ListItem\",\"position\":1,\"name\":\"Home\",\"item\":\"https:\/\/stuvamerica.com\/fr\/\"},{\"@type\":\"ListItem\",\"position\":2,\"name\":\"Accueil\"}]},{\"@type\":\"WebSite\",\"@id\":\"https:\/\/stuvamerica.com\/fr\/#website\",\"url\":\"https:\/\/stuvamerica.com\/fr\/\",\"name\":\"St\u00fbv America\",\"description\":\"\",\"potentialAction\":[{\"@type\":\"SearchAction\",\"target\":{\"@type\":\"EntryPoint\",\"urlTemplate\":\"https:\/\/stuvamerica.com\/fr\/?s={search_term_string}\"},\"query-input\":{\"@type\":\"PropertyValueSpecification\",\"valueRequired\":true,\"valueName\":\"search_term_string\"}}],\"inLanguage\":\"fr-FR\"}]}<\/script>\n<!-- \/ Yoast SEO plugin. -->","yoast_head_json":{"title":"Po\u00eales et foyers | Chauffage au bois | St\u00fbv America","description":"Les po\u00eales et foyers St\u00fbv allient design contemporain, performance et efficacit\u00e9, qu'il s'agisse d'appareils \u00e0 bois, \u00e0 gaz ou \u00e0 granules.","robots":{"index":"index","follow":"follow","max-snippet":"max-snippet:-1","max-image-preview":"max-image-preview:large","max-video-preview":"max-video-preview:-1"},"canonical":"https:\/\/stuvamerica.com\/fr\/","og_locale":"fr_FR","og_type":"article","og_title":"Po\u00eales et foyers | Chauffage au bois | St\u00fbv America","og_description":"Les po\u00eales et foyers St\u00fbv allient design contemporain, performance et efficacit\u00e9, qu'il s'agisse d'appareils \u00e0 bois, \u00e0 gaz ou \u00e0 granules.","og_url":"https:\/\/stuvamerica.com\/fr\/","og_site_name":"St\u00fbv America","article_modified_time":"2026-03-19T15:50:20+00:00","og_image":[{"width":1200,"height":630,"url":"https:\/\/stuvamerica.com\/wp-content\/uploads\/2021\/02\/meta-stuv-america.png","type":"image\/png"}],"twitter_card":"summary_large_image","schema":{"@context":"https:\/\/schema.org","@graph":[{"@type":"WebPage","@id":"https:\/\/stuvamerica.com\/fr\/","url":"https:\/\/stuvamerica.com\/fr\/","name":"Po\u00eales et foyers | Chauffage au bois | St\u00fbv America","isPartOf":{"@id":"https:\/\/stuvamerica.com\/fr\/#website"},"datePublished":"2021-01-05T14:47:37+00:00","dateModified":"2026-03-19T15:50:20+00:00","description":"Les po\u00eales et foyers St\u00fbv allient design contemporain, performance et efficacit\u00e9, qu'il s'agisse d'appareils \u00e0 bois, \u00e0 gaz ou \u00e0 granules.","breadcrumb":{"@id":"https:\/\/stuvamerica.com\/fr\/#breadcrumb"},"inLanguage":"fr-FR","potentialAction":[{"@type":"ReadAction","target":["https:\/\/stuvamerica.com\/fr\/"]}]},{"@type":"BreadcrumbList","@id":"https:\/\/stuvamerica.com\/fr\/#breadcrumb","itemListElement":[{"@type":"ListItem","position":1,"name":"Home","item":"https:\/\/stuvamerica.com\/fr\/"},{"@type":"ListItem","position":2,"name":"Accueil"}]},{"@type":"WebSite","@id":"https:\/\/stuvamerica.com\/fr\/#website","url":"https:\/\/stuvamerica.com\/fr\/","name":"St\u00fbv America","description":"","potentialAction":[{"@type":"SearchAction","target":{"@type":"EntryPoint","urlTemplate":"https:\/\/stuvamerica.com\/fr\/?s={search_term_string}"},"query-input":{"@type":"PropertyValueSpecification","valueRequired":true,"valueName":"search_term_string"}}],"inLanguage":"fr-FR"}]}},"_links":{"self":[{"href":"https:\/\/stuvamerica.com\/fr\/wp-json\/wp\/v2\/pages\/9","targetHints":{"allow":["GET"]}}],"collection":[{"href":"https:\/\/stuvamerica.com\/fr\/wp-json\/wp\/v2\/pages"}],"about":[{"href":"https:\/\/stuvamerica.com\/fr\/wp-json\/wp\/v2\/types\/page"}],"author":[{"embeddable":true,"href":"https:\/\/stuvamerica.com\/fr\/wp-json\/wp\/v2\/users\/1"}],"replies":[{"embeddable":true,"href":"https:\/\/stuvamerica.com\/fr\/wp-json\/wp\/v2\/comments?post=9"}],"version-history":[{"count":102,"href":"https:\/\/stuvamerica.com\/fr\/wp-json\/wp\/v2\/pages\/9\/revisions"}],"predecessor-version":[{"id":22943,"href":"https:\/\/stuvamerica.com\/fr\/wp-json\/wp\/v2\/pages\/9\/revisions\/22943"}],"wp:attachment":[{"href":"https:\/\/stuvamerica.com\/fr\/wp-json\/wp\/v2\/media?parent=9"}],"curies":[{"name":"wp","href":"https:\/\/api.w.org\/{rel}","templated":true}]}}